{"id":28,"date":"2023-11-13T21:00:45","date_gmt":"2023-11-13T20:00:45","guid":{"rendered":"http:\/\/link.localhost\/?page_id=28"},"modified":"2025-06-05T08:51:43","modified_gmt":"2025-06-05T06:51:43","slug":"systemy-sprzedazowe-crm","status":"publish","type":"page","link":"https:\/\/kacperkreft.pl\/portfolio\/linksale\/systemy-sprzedazowe-crm\/","title":{"rendered":"Systemy sprzeda\u017cowe CRM"},"content":{"rendered":"","protected":false},"excerpt":{"rendered":"","protected":false},"author":1,"featured_media":0,"parent":0,"menu_order":0,"comment_status":"closed","ping_status":"closed","template":"","meta":{"footnotes":""},"class_list":["post-28","page","type-page","status-publish","hentry"],"acf":[],"yoast_head":"<!-- This site is optimized with the Yoast SEO plugin v24.7 - https:\/\/yoast.com\/wordpress\/plugins\/seo\/ -->\n<title>Systemy sprzeda\u017cowe CRM - linksale.pl - \u0141\u0105czymy dzia\u0142ania marketingu i sprzeda\u017cy w jeden sp\u00f3jny organizm, kt\u00f3ry wsp\u00f3lnie pracuje na sukces firmy.<\/title>\n<meta name=\"description\" content=\"Systemy CRM - Wsparcie zespo\u0142\u00f3w sprzeda\u017cowych w codziennej pracy. \u015aledzenie post\u0119p\u00f3w i historia sprzeda\u017cy w systemie CRM.\" \/>\n<meta name=\"robots\" content=\"noindex, follow, max-snippet:-1, max-image-preview:large, max-video-preview:-1\" \/>\n<meta property=\"og:locale\" content=\"pl_PL\" \/>\n<meta property=\"og:type\" content=\"article\" \/>\n<meta property=\"og:title\" content=\"Systemy sprzeda\u017cowe CRM - linksale.pl - \u0141\u0105czymy dzia\u0142ania marketingu i sprzeda\u017cy w jeden sp\u00f3jny organizm, kt\u00f3ry wsp\u00f3lnie pracuje na sukces firmy.\" \/>\n<meta property=\"og:description\" content=\"Systemy CRM - Wsparcie zespo\u0142\u00f3w sprzeda\u017cowych w codziennej pracy. \u015aledzenie post\u0119p\u00f3w i historia sprzeda\u017cy w systemie CRM.\" \/>\n<meta property=\"og:url\" content=\"https:\/\/kacperkreft.pl\/portfolio\/linksale\/systemy-sprzedazowe-crm\/\" \/>\n<meta property=\"og:site_name\" content=\"linksale.pl - \u0141\u0105czymy dzia\u0142ania marketingu i sprzeda\u017cy w jeden sp\u00f3jny organizm, kt\u00f3ry wsp\u00f3lnie pracuje na sukces firmy.\" \/>\n<meta property=\"article:modified_time\" content=\"2025-06-05T06:51:43+00:00\" \/>\n<meta name=\"twitter:card\" content=\"summary_large_image\" \/>\n<script type=\"application\/ld+json\" class=\"yoast-schema-graph\">{\"@context\":\"https:\/\/schema.org\",\"@graph\":[{\"@type\":\"WebPage\",\"@id\":\"https:\/\/kacperkreft.pl\/portfolio\/linksale\/systemy-sprzedazowe-crm\/\",\"url\":\"https:\/\/kacperkreft.pl\/portfolio\/linksale\/systemy-sprzedazowe-crm\/\",\"name\":\"Systemy sprzeda\u017cowe CRM - linksale.pl - \u0141\u0105czymy dzia\u0142ania marketingu i sprzeda\u017cy w jeden sp\u00f3jny organizm, kt\u00f3ry wsp\u00f3lnie pracuje na sukces firmy.\",\"isPartOf\":{\"@id\":\"https:\/\/kacperkreft.pl\/portfolio\/linksale\/#website\"},\"datePublished\":\"2023-11-13T20:00:45+00:00\",\"dateModified\":\"2025-06-05T06:51:43+00:00\",\"description\":\"Systemy CRM - Wsparcie zespo\u0142\u00f3w sprzeda\u017cowych w codziennej pracy. \u015aledzenie post\u0119p\u00f3w i historia sprzeda\u017cy w systemie CRM.\",\"breadcrumb\":{\"@id\":\"https:\/\/kacperkreft.pl\/portfolio\/linksale\/systemy-sprzedazowe-crm\/#breadcrumb\"},\"inLanguage\":\"pl-PL\",\"potentialAction\":[{\"@type\":\"ReadAction\",\"target\":[\"https:\/\/kacperkreft.pl\/portfolio\/linksale\/systemy-sprzedazowe-crm\/\"]}]},{\"@type\":\"BreadcrumbList\",\"@id\":\"https:\/\/kacperkreft.pl\/portfolio\/linksale\/systemy-sprzedazowe-crm\/#breadcrumb\",\"itemListElement\":[{\"@type\":\"ListItem\",\"position\":1,\"name\":\"Strona g\u0142\u00f3wna\",\"item\":\"https:\/\/kacperkreft.pl\/portfolio\/linksale\/\"},{\"@type\":\"ListItem\",\"position\":2,\"name\":\"Systemy sprzeda\u017cowe CRM\"}]},{\"@type\":\"WebSite\",\"@id\":\"https:\/\/kacperkreft.pl\/portfolio\/linksale\/#website\",\"url\":\"https:\/\/kacperkreft.pl\/portfolio\/linksale\/\",\"name\":\"linksale.pl - \u0141\u0105czymy dzia\u0142ania marketingu i sprzeda\u017cy w jeden sp\u00f3jny organizm, kt\u00f3ry wsp\u00f3lnie pracuje na sukces firmy.\",\"description\":\"Realizujemy dzia\u0142ania z obszaru marketingu i sprzeda\u017cy z wykorzystaniem nowoczesnych narz\u0119dzi.\",\"potentialAction\":[{\"@type\":\"SearchAction\",\"target\":{\"@type\":\"EntryPoint\",\"urlTemplate\":\"https:\/\/kacperkreft.pl\/portfolio\/linksale\/?s={search_term_string}\"},\"query-input\":{\"@type\":\"PropertyValueSpecification\",\"valueRequired\":true,\"valueName\":\"search_term_string\"}}],\"inLanguage\":\"pl-PL\"}]}<\/script>\n<!-- \/ Yoast SEO plugin. -->","yoast_head_json":{"title":"Systemy sprzeda\u017cowe CRM - linksale.pl - \u0141\u0105czymy dzia\u0142ania marketingu i sprzeda\u017cy w jeden sp\u00f3jny organizm, kt\u00f3ry wsp\u00f3lnie pracuje na sukces firmy.","description":"Systemy CRM - Wsparcie zespo\u0142\u00f3w sprzeda\u017cowych w codziennej pracy. \u015aledzenie post\u0119p\u00f3w i historia sprzeda\u017cy w systemie CRM.","robots":{"index":"noindex","follow":"follow","max-snippet":"max-snippet:-1","max-image-preview":"max-image-preview:large","max-video-preview":"max-video-preview:-1"},"og_locale":"pl_PL","og_type":"article","og_title":"Systemy sprzeda\u017cowe CRM - linksale.pl - \u0141\u0105czymy dzia\u0142ania marketingu i sprzeda\u017cy w jeden sp\u00f3jny organizm, kt\u00f3ry wsp\u00f3lnie pracuje na sukces firmy.","og_description":"Systemy CRM - Wsparcie zespo\u0142\u00f3w sprzeda\u017cowych w codziennej pracy. \u015aledzenie post\u0119p\u00f3w i historia sprzeda\u017cy w systemie CRM.","og_url":"https:\/\/kacperkreft.pl\/portfolio\/linksale\/systemy-sprzedazowe-crm\/","og_site_name":"linksale.pl - \u0141\u0105czymy dzia\u0142ania marketingu i sprzeda\u017cy w jeden sp\u00f3jny organizm, kt\u00f3ry wsp\u00f3lnie pracuje na sukces firmy.","article_modified_time":"2025-06-05T06:51:43+00:00","twitter_card":"summary_large_image","schema":{"@context":"https:\/\/schema.org","@graph":[{"@type":"WebPage","@id":"https:\/\/kacperkreft.pl\/portfolio\/linksale\/systemy-sprzedazowe-crm\/","url":"https:\/\/kacperkreft.pl\/portfolio\/linksale\/systemy-sprzedazowe-crm\/","name":"Systemy sprzeda\u017cowe CRM - linksale.pl - \u0141\u0105czymy dzia\u0142ania marketingu i sprzeda\u017cy w jeden sp\u00f3jny organizm, kt\u00f3ry wsp\u00f3lnie pracuje na sukces firmy.","isPartOf":{"@id":"https:\/\/kacperkreft.pl\/portfolio\/linksale\/#website"},"datePublished":"2023-11-13T20:00:45+00:00","dateModified":"2025-06-05T06:51:43+00:00","description":"Systemy CRM - Wsparcie zespo\u0142\u00f3w sprzeda\u017cowych w codziennej pracy. \u015aledzenie post\u0119p\u00f3w i historia sprzeda\u017cy w systemie CRM.","breadcrumb":{"@id":"https:\/\/kacperkreft.pl\/portfolio\/linksale\/systemy-sprzedazowe-crm\/#breadcrumb"},"inLanguage":"pl-PL","potentialAction":[{"@type":"ReadAction","target":["https:\/\/kacperkreft.pl\/portfolio\/linksale\/systemy-sprzedazowe-crm\/"]}]},{"@type":"BreadcrumbList","@id":"https:\/\/kacperkreft.pl\/portfolio\/linksale\/systemy-sprzedazowe-crm\/#breadcrumb","itemListElement":[{"@type":"ListItem","position":1,"name":"Strona g\u0142\u00f3wna","item":"https:\/\/kacperkreft.pl\/portfolio\/linksale\/"},{"@type":"ListItem","position":2,"name":"Systemy sprzeda\u017cowe CRM"}]},{"@type":"WebSite","@id":"https:\/\/kacperkreft.pl\/portfolio\/linksale\/#website","url":"https:\/\/kacperkreft.pl\/portfolio\/linksale\/","name":"linksale.pl - \u0141\u0105czymy dzia\u0142ania marketingu i sprzeda\u017cy w jeden sp\u00f3jny organizm, kt\u00f3ry wsp\u00f3lnie pracuje na sukces firmy.","description":"Realizujemy dzia\u0142ania z obszaru marketingu i sprzeda\u017cy z wykorzystaniem nowoczesnych narz\u0119dzi.","potentialAction":[{"@type":"SearchAction","target":{"@type":"EntryPoint","urlTemplate":"https:\/\/kacperkreft.pl\/portfolio\/linksale\/?s={search_term_string}"},"query-input":{"@type":"PropertyValueSpecification","valueRequired":true,"valueName":"search_term_string"}}],"inLanguage":"pl-PL"}]}},"_links":{"self":[{"href":"https:\/\/kacperkreft.pl\/portfolio\/linksale\/wp-json\/wp\/v2\/pages\/28","targetHints":{"allow":["GET"]}}],"collection":[{"href":"https:\/\/kacperkreft.pl\/portfolio\/linksale\/wp-json\/wp\/v2\/pages"}],"about":[{"href":"https:\/\/kacperkreft.pl\/portfolio\/linksale\/wp-json\/wp\/v2\/types\/page"}],"author":[{"embeddable":true,"href":"https:\/\/kacperkreft.pl\/portfolio\/linksale\/wp-json\/wp\/v2\/users\/1"}],"replies":[{"embeddable":true,"href":"https:\/\/kacperkreft.pl\/portfolio\/linksale\/wp-json\/wp\/v2\/comments?post=28"}],"version-history":[{"count":34,"href":"https:\/\/kacperkreft.pl\/portfolio\/linksale\/wp-json\/wp\/v2\/pages\/28\/revisions"}],"predecessor-version":[{"id":630,"href":"https:\/\/kacperkreft.pl\/portfolio\/linksale\/wp-json\/wp\/v2\/pages\/28\/revisions\/630"}],"wp:attachment":[{"href":"https:\/\/kacperkreft.pl\/portfolio\/linksale\/wp-json\/wp\/v2\/media?parent=28"}],"curies":[{"name":"wp","href":"https:\/\/api.w.org\/{rel}","templated":true}]}}