{"id":455,"date":"2023-11-16T23:02:46","date_gmt":"2023-11-16T22:02:46","guid":{"rendered":"http:\/\/link.localhost\/?page_id=455"},"modified":"2023-11-23T19:00:05","modified_gmt":"2023-11-23T18:00:05","slug":"narzedzia-ws-sprzedaz-i-marketing","status":"publish","type":"page","link":"https:\/\/kacperkreft.pl\/portfolio\/linksale\/narzedzia-ws-sprzedaz-i-marketing\/","title":{"rendered":"Narz\u0119dzia ws. sprzeda\u017c i marketing"},"content":{"rendered":"","protected":false},"excerpt":{"rendered":"","protected":false},"author":1,"featured_media":0,"parent":0,"menu_order":0,"comment_status":"closed","ping_status":"closed","template":"","meta":{"footnotes":""},"class_list":["post-455","page","type-page","status-publish","hentry"],"acf":[],"yoast_head":"<!-- This site is optimized with the Yoast SEO plugin v24.7 - https:\/\/yoast.com\/wordpress\/plugins\/seo\/ -->\n<title>Narz\u0119dzia ws. sprzeda\u017c i marketing - linksale.pl - \u0141\u0105czymy dzia\u0142ania marketingu i sprzeda\u017cy w jeden sp\u00f3jny organizm, kt\u00f3ry wsp\u00f3lnie pracuje na sukces firmy.<\/title>\n<meta name=\"description\" content=\"Zwi\u0119ksz efektywno\u015b\u0107 dzi\u0119ki automatyzacji, nowoczesnym narz\u0119dziom w marketingu i sprzeda\u017cy. Zwi\u0119ksz efektywno\u015b\u0107 zespo\u0142u dzi\u0119ki automatyzacji.\" \/>\n<meta name=\"robots\" content=\"noindex, follow, max-snippet:-1, max-image-preview:large, max-video-preview:-1\" \/>\n<meta property=\"og:locale\" content=\"pl_PL\" \/>\n<meta property=\"og:type\" content=\"article\" \/>\n<meta property=\"og:title\" content=\"Narz\u0119dzia ws. sprzeda\u017c i marketing - linksale.pl - \u0141\u0105czymy dzia\u0142ania marketingu i sprzeda\u017cy w jeden sp\u00f3jny organizm, kt\u00f3ry wsp\u00f3lnie pracuje na sukces firmy.\" \/>\n<meta property=\"og:description\" content=\"Zwi\u0119ksz efektywno\u015b\u0107 dzi\u0119ki automatyzacji, nowoczesnym narz\u0119dziom w marketingu i sprzeda\u017cy. Zwi\u0119ksz efektywno\u015b\u0107 zespo\u0142u dzi\u0119ki automatyzacji.\" \/>\n<meta property=\"og:url\" content=\"https:\/\/kacperkreft.pl\/portfolio\/linksale\/narzedzia-ws-sprzedaz-i-marketing\/\" \/>\n<meta property=\"og:site_name\" content=\"linksale.pl - \u0141\u0105czymy dzia\u0142ania marketingu i sprzeda\u017cy w jeden sp\u00f3jny organizm, kt\u00f3ry wsp\u00f3lnie pracuje na sukces firmy.\" \/>\n<meta property=\"article:modified_time\" content=\"2023-11-23T18:00:05+00:00\" \/>\n<meta name=\"twitter:card\" content=\"summary_large_image\" \/>\n<script type=\"application\/ld+json\" class=\"yoast-schema-graph\">{\"@context\":\"https:\/\/schema.org\",\"@graph\":[{\"@type\":\"WebPage\",\"@id\":\"https:\/\/kacperkreft.pl\/portfolio\/linksale\/narzedzia-ws-sprzedaz-i-marketing\/\",\"url\":\"https:\/\/kacperkreft.pl\/portfolio\/linksale\/narzedzia-ws-sprzedaz-i-marketing\/\",\"name\":\"Narz\u0119dzia ws. sprzeda\u017c i marketing - linksale.pl - \u0141\u0105czymy dzia\u0142ania marketingu i sprzeda\u017cy w jeden sp\u00f3jny organizm, kt\u00f3ry wsp\u00f3lnie pracuje na sukces firmy.\",\"isPartOf\":{\"@id\":\"https:\/\/kacperkreft.pl\/portfolio\/linksale\/#website\"},\"datePublished\":\"2023-11-16T22:02:46+00:00\",\"dateModified\":\"2023-11-23T18:00:05+00:00\",\"description\":\"Zwi\u0119ksz efektywno\u015b\u0107 dzi\u0119ki automatyzacji, nowoczesnym narz\u0119dziom w marketingu i sprzeda\u017cy. Zwi\u0119ksz efektywno\u015b\u0107 zespo\u0142u dzi\u0119ki automatyzacji.\",\"breadcrumb\":{\"@id\":\"https:\/\/kacperkreft.pl\/portfolio\/linksale\/narzedzia-ws-sprzedaz-i-marketing\/#breadcrumb\"},\"inLanguage\":\"pl-PL\",\"potentialAction\":[{\"@type\":\"ReadAction\",\"target\":[\"https:\/\/kacperkreft.pl\/portfolio\/linksale\/narzedzia-ws-sprzedaz-i-marketing\/\"]}]},{\"@type\":\"BreadcrumbList\",\"@id\":\"https:\/\/kacperkreft.pl\/portfolio\/linksale\/narzedzia-ws-sprzedaz-i-marketing\/#breadcrumb\",\"itemListElement\":[{\"@type\":\"ListItem\",\"position\":1,\"name\":\"Strona g\u0142\u00f3wna\",\"item\":\"https:\/\/kacperkreft.pl\/portfolio\/linksale\/\"},{\"@type\":\"ListItem\",\"position\":2,\"name\":\"Narz\u0119dzia ws. sprzeda\u017c i marketing\"}]},{\"@type\":\"WebSite\",\"@id\":\"https:\/\/kacperkreft.pl\/portfolio\/linksale\/#website\",\"url\":\"https:\/\/kacperkreft.pl\/portfolio\/linksale\/\",\"name\":\"linksale.pl - \u0141\u0105czymy dzia\u0142ania marketingu i sprzeda\u017cy w jeden sp\u00f3jny organizm, kt\u00f3ry wsp\u00f3lnie pracuje na sukces firmy.\",\"description\":\"Realizujemy dzia\u0142ania z obszaru marketingu i sprzeda\u017cy z wykorzystaniem nowoczesnych narz\u0119dzi.\",\"potentialAction\":[{\"@type\":\"SearchAction\",\"target\":{\"@type\":\"EntryPoint\",\"urlTemplate\":\"https:\/\/kacperkreft.pl\/portfolio\/linksale\/?s={search_term_string}\"},\"query-input\":{\"@type\":\"PropertyValueSpecification\",\"valueRequired\":true,\"valueName\":\"search_term_string\"}}],\"inLanguage\":\"pl-PL\"}]}<\/script>\n<!-- \/ Yoast SEO plugin. -->","yoast_head_json":{"title":"Narz\u0119dzia ws. sprzeda\u017c i marketing - linksale.pl - \u0141\u0105czymy dzia\u0142ania marketingu i sprzeda\u017cy w jeden sp\u00f3jny organizm, kt\u00f3ry wsp\u00f3lnie pracuje na sukces firmy.","description":"Zwi\u0119ksz efektywno\u015b\u0107 dzi\u0119ki automatyzacji, nowoczesnym narz\u0119dziom w marketingu i sprzeda\u017cy. Zwi\u0119ksz efektywno\u015b\u0107 zespo\u0142u dzi\u0119ki automatyzacji.","robots":{"index":"noindex","follow":"follow","max-snippet":"max-snippet:-1","max-image-preview":"max-image-preview:large","max-video-preview":"max-video-preview:-1"},"og_locale":"pl_PL","og_type":"article","og_title":"Narz\u0119dzia ws. sprzeda\u017c i marketing - linksale.pl - \u0141\u0105czymy dzia\u0142ania marketingu i sprzeda\u017cy w jeden sp\u00f3jny organizm, kt\u00f3ry wsp\u00f3lnie pracuje na sukces firmy.","og_description":"Zwi\u0119ksz efektywno\u015b\u0107 dzi\u0119ki automatyzacji, nowoczesnym narz\u0119dziom w marketingu i sprzeda\u017cy. Zwi\u0119ksz efektywno\u015b\u0107 zespo\u0142u dzi\u0119ki automatyzacji.","og_url":"https:\/\/kacperkreft.pl\/portfolio\/linksale\/narzedzia-ws-sprzedaz-i-marketing\/","og_site_name":"linksale.pl - \u0141\u0105czymy dzia\u0142ania marketingu i sprzeda\u017cy w jeden sp\u00f3jny organizm, kt\u00f3ry wsp\u00f3lnie pracuje na sukces firmy.","article_modified_time":"2023-11-23T18:00:05+00:00","twitter_card":"summary_large_image","schema":{"@context":"https:\/\/schema.org","@graph":[{"@type":"WebPage","@id":"https:\/\/kacperkreft.pl\/portfolio\/linksale\/narzedzia-ws-sprzedaz-i-marketing\/","url":"https:\/\/kacperkreft.pl\/portfolio\/linksale\/narzedzia-ws-sprzedaz-i-marketing\/","name":"Narz\u0119dzia ws. sprzeda\u017c i marketing - linksale.pl - \u0141\u0105czymy dzia\u0142ania marketingu i sprzeda\u017cy w jeden sp\u00f3jny organizm, kt\u00f3ry wsp\u00f3lnie pracuje na sukces firmy.","isPartOf":{"@id":"https:\/\/kacperkreft.pl\/portfolio\/linksale\/#website"},"datePublished":"2023-11-16T22:02:46+00:00","dateModified":"2023-11-23T18:00:05+00:00","description":"Zwi\u0119ksz efektywno\u015b\u0107 dzi\u0119ki automatyzacji, nowoczesnym narz\u0119dziom w marketingu i sprzeda\u017cy. Zwi\u0119ksz efektywno\u015b\u0107 zespo\u0142u dzi\u0119ki automatyzacji.","breadcrumb":{"@id":"https:\/\/kacperkreft.pl\/portfolio\/linksale\/narzedzia-ws-sprzedaz-i-marketing\/#breadcrumb"},"inLanguage":"pl-PL","potentialAction":[{"@type":"ReadAction","target":["https:\/\/kacperkreft.pl\/portfolio\/linksale\/narzedzia-ws-sprzedaz-i-marketing\/"]}]},{"@type":"BreadcrumbList","@id":"https:\/\/kacperkreft.pl\/portfolio\/linksale\/narzedzia-ws-sprzedaz-i-marketing\/#breadcrumb","itemListElement":[{"@type":"ListItem","position":1,"name":"Strona g\u0142\u00f3wna","item":"https:\/\/kacperkreft.pl\/portfolio\/linksale\/"},{"@type":"ListItem","position":2,"name":"Narz\u0119dzia ws. sprzeda\u017c i marketing"}]},{"@type":"WebSite","@id":"https:\/\/kacperkreft.pl\/portfolio\/linksale\/#website","url":"https:\/\/kacperkreft.pl\/portfolio\/linksale\/","name":"linksale.pl - \u0141\u0105czymy dzia\u0142ania marketingu i sprzeda\u017cy w jeden sp\u00f3jny organizm, kt\u00f3ry wsp\u00f3lnie pracuje na sukces firmy.","description":"Realizujemy dzia\u0142ania z obszaru marketingu i sprzeda\u017cy z wykorzystaniem nowoczesnych narz\u0119dzi.","potentialAction":[{"@type":"SearchAction","target":{"@type":"EntryPoint","urlTemplate":"https:\/\/kacperkreft.pl\/portfolio\/linksale\/?s={search_term_string}"},"query-input":{"@type":"PropertyValueSpecification","valueRequired":true,"valueName":"search_term_string"}}],"inLanguage":"pl-PL"}]}},"_links":{"self":[{"href":"https:\/\/kacperkreft.pl\/portfolio\/linksale\/wp-json\/wp\/v2\/pages\/455","targetHints":{"allow":["GET"]}}],"collection":[{"href":"https:\/\/kacperkreft.pl\/portfolio\/linksale\/wp-json\/wp\/v2\/pages"}],"about":[{"href":"https:\/\/kacperkreft.pl\/portfolio\/linksale\/wp-json\/wp\/v2\/types\/page"}],"author":[{"embeddable":true,"href":"https:\/\/kacperkreft.pl\/portfolio\/linksale\/wp-json\/wp\/v2\/users\/1"}],"replies":[{"embeddable":true,"href":"https:\/\/kacperkreft.pl\/portfolio\/linksale\/wp-json\/wp\/v2\/comments?post=455"}],"version-history":[{"count":7,"href":"https:\/\/kacperkreft.pl\/portfolio\/linksale\/wp-json\/wp\/v2\/pages\/455\/revisions"}],"predecessor-version":[{"id":616,"href":"https:\/\/kacperkreft.pl\/portfolio\/linksale\/wp-json\/wp\/v2\/pages\/455\/revisions\/616"}],"wp:attachment":[{"href":"https:\/\/kacperkreft.pl\/portfolio\/linksale\/wp-json\/wp\/v2\/media?parent=455"}],"curies":[{"name":"wp","href":"https:\/\/api.w.org\/{rel}","templated":true}]}}